{"id":622,"date":"2019-04-17T10:03:57","date_gmt":"2019-04-17T08:03:57","guid":{"rendered":"https:\/\/www.vical.fr\/coaching\/index.php\/work-with-me\/"},"modified":"2023-04-15T20:00:55","modified_gmt":"2023-04-15T18:00:55","slug":"work-with-me","status":"publish","type":"page","link":"https:\/\/www.vical.fr\/coaching\/index.php\/work-with-me\/","title":{"rendered":"Travailler avec moi"},"content":{"rendered":"\t\t<div data-elementor-type=\"wp-post\" data-elementor-id=\"622\" class=\"elementor elementor-622\">\n\t\t\t\t<div class=\"elementor-element elementor-element-12a3bc3 e-flex e-con-boxed e-con e-parent\" data-id=\"12a3bc3\" data-element_type=\"container\" data-e-type=\"container\">\n\t\t\t\t\t<div class=\"e-con-inner\">\n\t\t\t\t<div class=\"elementor-element elementor-element-c8684aa elementor-widget elementor-widget-heading\" data-id=\"c8684aa\" data-element_type=\"widget\" data-e-type=\"widget\" data-widget_type=\"heading.default\">\n\t\t\t\t<div class=\"elementor-widget-container\">\n\t\t\t\t\t<h2 class=\"elementor-heading-title elementor-size-default\">Mes Valeurs<\/h2>\t\t\t\t<\/div>\n\t\t\t\t<\/div>\n\t\t\t\t\t<\/div>\n\t\t\t\t<\/div>\n\t\t<div class=\"elementor-element elementor-element-7b44e80 e-flex e-con-boxed e-con e-parent\" data-id=\"7b44e80\" data-element_type=\"container\" data-e-type=\"container\">\n\t\t\t\t\t<div class=\"e-con-inner\">\n\t\t\t\t<div class=\"elementor-element elementor-element-2ff64bb elementor-widget elementor-widget-eael-image-accordion\" data-id=\"2ff64bb\" data-element_type=\"widget\" data-e-type=\"widget\" data-widget_type=\"eael-image-accordion.default\">\n\t\t\t\t<div class=\"elementor-widget-container\">\n\t\t\t\t\t    <div class=\"eael-img-accordion accordion-direction-horizontal eael-img-accordion-horizontal-align-center eael-img-accordion-vertical-align-center\" id=\"eael-img-accordion-2ff64bb\" data-img-accordion-id=\"2ff64bb\" data-img-accordion-type=\"on-hover\">\n                    \n            <div class=\"eael-image-accordion-hover eael-image-accordion-item overlay-active\" style=\"background-image: url(https:\/\/www.vical.fr\/coaching\/wp-content\/uploads\/2023\/04\/nature-outdoors-travel-2990060.jpg); flex: 3 1 0%;\"  tabindex=\"0\">\n                <div class=\"overlay\">\n                                        <div class=\"overlay-inner  overlay-inner-show\">\n                        <h2 class=\"img-accordion-title\">Libert\u00e9<\/h2>                            <p><p>Lib\u00e9rer le potentiel des individus, des \u00e9quipes, des organisations. Croire en l&rsquo;humain et sa capacit\u00e9 \u00e0 s&rsquo;auto-manager dans des organisations qui laissent place \u00e0 de plus en plus de permissions et de d\u00e9centralisation.<\/p><\/p>\n                                            <\/div>\n                <\/div>\n            <\/div>\n                    \n            <div class=\"eael-image-accordion-hover eael-image-accordion-item\" style=\"background-image: url(https:\/\/www.vical.fr\/coaching\/wp-content\/uploads\/2023\/04\/early-childhood-educators-and-kids-crafts-flatlay.jpg);\"  tabindex=\"0\">\n                <div class=\"overlay\">\n                                        <div class=\"overlay-inner \">\n                        <h2 class=\"img-accordion-title\">Bienveillance<\/h2>                            <p><p>Reconna\u00eetre la bienveillance comme le d\u00e9passement de soi. Une \u00e9nergie qui permet aux individus, aux groupes d&rsquo;obtenir des r\u00e9sultats extraordinaires en devenant des personnes extraordinaires.<\/p><\/p>\n                                            <\/div>\n                <\/div>\n            <\/div>\n                    \n            <div class=\"eael-image-accordion-hover eael-image-accordion-item\" style=\"background-image: url(https:\/\/www.vical.fr\/coaching\/wp-content\/uploads\/2023\/04\/backcountry-skiiing-summit-rockclimbing-2289970-1.jpg);\"  tabindex=\"0\">\n                <div class=\"overlay\">\n                                        <div class=\"overlay-inner \">\n                        <h2 class=\"img-accordion-title\">R\u00e9ussite<\/h2>                            <p><p>Donner \u00e0 chacun.e la permission de r\u00e9ussir, identifier les \u00e9checs comme des \u00e9tapes vers le succ\u00e8s, Construire un environnement positif et g\u00e9n\u00e9ratif au service de la performance.<\/p><\/p>\n                                            <\/div>\n                <\/div>\n            <\/div>\n                    \n            <div class=\"eael-image-accordion-hover eael-image-accordion-item\" style=\"background-image: url(https:\/\/www.vical.fr\/coaching\/wp-content\/uploads\/2023\/04\/hands-love-hand-105455.jpg);\"  tabindex=\"0\">\n                <div class=\"overlay\">\n                                        <div class=\"overlay-inner \">\n                        <h2 class=\"img-accordion-title\">Confiance<\/h2>                            <p><p>\u00catre en confiance, co-construire un environnement dans lequel la s\u00e9curit\u00e9 psychologique existe et o\u00f9 nous nous sentons libres de nous exprimer, libre de r\u00e9pondre ou de ne pas r\u00e9pondre, libre d&rsquo;exprimer ce qui nous convient et ce qui ne nous convient pas.<\/p><\/p>\n                                            <\/div>\n                <\/div>\n            <\/div>\n                <\/div>\n        <style typr=\"text\/css\">\n                    #eael-img-accordion-2ff64bb .eael-image-accordion-hover:hover {\n                        flex: 3 1 0% !important;\n                    }\n                    #eael-img-accordion-2ff64bb .eael-image-accordion-hover:hover:hover .overlay-inner * {\n                        opacity: 1;\n                        visibility: visible;\n                        transform: none;\n                        transition: all .3s .3s;\n                    }\n                <\/style>\t\t\t\t<\/div>\n\t\t\t\t<\/div>\n\t\t\t\t\t<\/div>\n\t\t\t\t<\/div>\n\t\t<div class=\"elementor-element elementor-element-ec30713 e-flex e-con-boxed e-con e-parent\" data-id=\"ec30713\" data-element_type=\"container\" data-e-type=\"container\">\n\t\t\t\t\t<div class=\"e-con-inner\">\n\t\t\t\t<div class=\"elementor-element elementor-element-9bda6de elementor-widget elementor-widget-heading\" data-id=\"9bda6de\" data-element_type=\"widget\" data-e-type=\"widget\" data-widget_type=\"heading.default\">\n\t\t\t\t<div class=\"elementor-widget-container\">\n\t\t\t\t\t<h2 class=\"elementor-heading-title elementor-size-default\">Mes Outils<\/h2>\t\t\t\t<\/div>\n\t\t\t\t<\/div>\n\t\t\t\t\t<\/div>\n\t\t\t\t<\/div>\n\t\t<div class=\"elementor-element elementor-element-7a86088 e-flex e-con-boxed e-con e-parent\" data-id=\"7a86088\" data-element_type=\"container\" data-e-type=\"container\">\n\t\t\t\t\t<div class=\"e-con-inner\">\n\t\t\t\t<div class=\"elementor-element elementor-element-81ed465 eael-infobox-shape-square eael-infobox-hover-img-shape-square elementor-widget elementor-widget-eael-info-box\" data-id=\"81ed465\" data-element_type=\"widget\" data-e-type=\"widget\" data-widget_type=\"eael-info-box.default\">\n\t\t\t\t<div class=\"elementor-widget-container\">\n\t\t\t\t\t        <div class=\"eael-infobox icon-on-left\">\n\t            <div class=\"infobox-icon\">\n\n                            <img decoding=\"async\" src=\"https:\/\/www.vical.fr\/coaching\/wp-content\/uploads\/2023\/04\/paul-skorupskas-7KLa-xLbSXA-unsplash-scaled.jpg\" alt=\"\">\n            \n            \n            \n        <\/div>\n            <div class=\"infobox-content\">\n                    <div class=\"infobox-title-section\">\n                <h2 class=\"title\">Programmation Neuro Linguisitique<\/h2>            <\/div>\n                    <\/div>\n            <\/div>\n\n\t\t\t\t\t\t<\/div>\n\t\t\t\t<\/div>\n\t\t\t\t\t<\/div>\n\t\t\t\t<\/div>\n\t\t<div class=\"elementor-element elementor-element-5a4a22d e-flex e-con-boxed e-con e-parent\" data-id=\"5a4a22d\" data-element_type=\"container\" data-e-type=\"container\">\n\t\t\t\t\t<div class=\"e-con-inner\">\n\t\t\t\t<div class=\"elementor-element elementor-element-9887dd0 eael-infobox-shape-square eael-infobox-hover-img-shape-square elementor-widget elementor-widget-eael-info-box\" data-id=\"9887dd0\" data-element_type=\"widget\" data-e-type=\"widget\" data-widget_type=\"eael-info-box.default\">\n\t\t\t\t<div class=\"elementor-widget-container\">\n\t\t\t\t\t        <div class=\"eael-infobox icon-on-left\">\n\t            <div class=\"infobox-icon\">\n\n                            <img decoding=\"async\" src=\"https:\/\/www.vical.fr\/coaching\/wp-content\/uploads\/2023\/04\/kyle-head-p6rNTdAPbuk-unsplash-scaled.jpg\" alt=\"\">\n            \n            \n            \n        <\/div>\n            <div class=\"infobox-content\">\n                    <div class=\"infobox-title-section\">\n                <h2 class=\"title\">Analyse transactionnelle<\/h2>            <\/div>\n                    <\/div>\n            <\/div>\n\n\t\t\t\t\t\t<\/div>\n\t\t\t\t<\/div>\n\t\t\t\t<div class=\"elementor-element elementor-element-cc446b6 eael-infobox-shape-square eael-infobox-hover-img-shape-square elementor-widget elementor-widget-eael-info-box\" data-id=\"cc446b6\" data-element_type=\"widget\" data-e-type=\"widget\" data-widget_type=\"eael-info-box.default\">\n\t\t\t\t<div class=\"elementor-widget-container\">\n\t\t\t\t\t        <div class=\"eael-infobox icon-on-left\">\n\t            <div class=\"infobox-icon\">\n\n                            <img decoding=\"async\" src=\"https:\/\/www.vical.fr\/coaching\/wp-content\/uploads\/2023\/04\/spiral-universe-space-1037508.jpg\" alt=\"spiral, universe, space-1037508.jpg\">\n            \n            \n            \n        <\/div>\n            <div class=\"infobox-content\">\n                    <div class=\"infobox-title-section\">\n                <h2 class=\"title\">Spirale Dynamique<\/h2>            <\/div>\n                    <\/div>\n            <\/div>\n\n\t\t\t\t\t\t<\/div>\n\t\t\t\t<\/div>\n\t\t\t\t\t<\/div>\n\t\t\t\t<\/div>\n\t\t<div class=\"elementor-element elementor-element-8752cc6 e-flex e-con-boxed e-con e-parent\" data-id=\"8752cc6\" data-element_type=\"container\" data-e-type=\"container\">\n\t\t\t\t\t<div class=\"e-con-inner\">\n\t\t\t\t<div class=\"elementor-element elementor-element-1a62bd3 eael-infobox-shape-square eael-infobox-hover-img-shape-square elementor-widget elementor-widget-eael-info-box\" data-id=\"1a62bd3\" data-element_type=\"widget\" data-e-type=\"widget\" data-widget_type=\"eael-info-box.default\">\n\t\t\t\t<div class=\"elementor-widget-container\">\n\t\t\t\t\t        <div class=\"eael-infobox icon-on-left\">\n\t            <div class=\"infobox-icon\">\n\n                            <img decoding=\"async\" src=\"https:\/\/www.vical.fr\/coaching\/wp-content\/uploads\/2023\/04\/sharon-pittaway-iMdsjoiftZo-unsplash-scaled.jpg\" alt=\"\">\n            \n            \n            \n        <\/div>\n            <div class=\"infobox-content\">\n                    <div class=\"infobox-title-section\">\n                <h2 class=\"title\">Process Communication, DISC, MBTI<\/h2>            <\/div>\n                    <\/div>\n            <\/div>\n\n\t\t\t\t\t\t<\/div>\n\t\t\t\t<\/div>\n\t\t\t\t\t<\/div>\n\t\t\t\t<\/div>\n\t\t\t\t<\/div>\n\t\t","protected":false},"excerpt":{"rendered":"<p>Mes Valeurs Libert\u00e9 Lib\u00e9rer le potentiel des individus, des \u00e9quipes, des organisations. Croire en l\u2019humain et sa capacit\u00e9 \u00e0 s\u2019auto-manager dans des organisations qui laissent place \u00e0 de plus en plus de permissions et de d\u00e9centralisation. Bienveillance Reconna\u00eetre la bienveillance comme le d\u00e9passement de soi. Une \u00e9nergie qui permet aux individus, aux groupes d\u2019obtenir des &hellip;<\/p>\n<p class=\"read-more\"> <a class=\"\" href=\"https:\/\/www.vical.fr\/coaching\/index.php\/work-with-me\/\"> <span class=\"screen-reader-text\">Travailler avec moi<\/span> Lire la suite\u00a0\u00bb<\/a><\/p>\n","protected":false},"author":1,"featured_media":0,"parent":0,"menu_order":0,"comment_status":"closed","ping_status":"closed","template":"","meta":{"_eb_attr":"","site-sidebar-layout":"no-sidebar","site-content-layout":"page-builder","ast-global-header-display":"","ast-main-header-display":"","ast-hfb-above-header-display":"","ast-hfb-below-header-display":"","ast-hfb-mobile-header-display":"","site-post-title":"disabled","ast-breadcrumbs-content":"","ast-featured-img":"disabled","footer-sml-layout":"","theme-transparent-header-meta":"default","adv-header-id-meta":"","stick-header-meta":"","header-above-stick-meta":"","header-main-stick-meta":"","header-below-stick-meta":"","footnotes":""},"class_list":["post-622","page","type-page","status-publish","hentry"],"_links":{"self":[{"href":"https:\/\/www.vical.fr\/coaching\/index.php\/wp-json\/wp\/v2\/pages\/622","targetHints":{"allow":["GET"]}}],"collection":[{"href":"https:\/\/www.vical.fr\/coaching\/index.php\/wp-json\/wp\/v2\/pages"}],"about":[{"href":"https:\/\/www.vical.fr\/coaching\/index.php\/wp-json\/wp\/v2\/types\/page"}],"author":[{"embeddable":true,"href":"https:\/\/www.vical.fr\/coaching\/index.php\/wp-json\/wp\/v2\/users\/1"}],"replies":[{"embeddable":true,"href":"https:\/\/www.vical.fr\/coaching\/index.php\/wp-json\/wp\/v2\/comments?post=622"}],"version-history":[{"count":50,"href":"https:\/\/www.vical.fr\/coaching\/index.php\/wp-json\/wp\/v2\/pages\/622\/revisions"}],"predecessor-version":[{"id":1743,"href":"https:\/\/www.vical.fr\/coaching\/index.php\/wp-json\/wp\/v2\/pages\/622\/revisions\/1743"}],"wp:attachment":[{"href":"https:\/\/www.vical.fr\/coaching\/index.php\/wp-json\/wp\/v2\/media?parent=622"}],"curies":[{"name":"wp","href":"https:\/\/api.w.org\/{rel}","templated":true}]}}