{"id":1799,"date":"2023-10-08T17:42:06","date_gmt":"2023-10-08T15:42:06","guid":{"rendered":"https:\/\/www.vical.fr\/coaching\/?page_id=1799"},"modified":"2024-02-11T13:34:23","modified_gmt":"2024-02-11T12:34:23","slug":"seance-preliminaire","status":"publish","type":"page","link":"https:\/\/www.vical.fr\/coaching\/index.php\/seance-preliminaire\/","title":{"rendered":"S\u00e9ance pr\u00e9liminaire en visioconf\u00e9rence"},"content":{"rendered":"\t\t<div data-elementor-type=\"wp-page\" data-elementor-id=\"1799\" class=\"elementor elementor-1799\">\n\t\t\t\t\t\t<section class=\"elementor-section elementor-top-section elementor-element elementor-element-6c386871 elementor-section-boxed elementor-section-height-default elementor-section-height-default\" data-id=\"6c386871\" data-element_type=\"section\" data-e-type=\"section\">\n\t\t\t\t\t\t<div class=\"elementor-container elementor-column-gap-default\">\n\t\t\t\t\t<div class=\"elementor-column elementor-col-100 elementor-top-column elementor-element elementor-element-5c87907\" data-id=\"5c87907\" data-element_type=\"column\" data-e-type=\"column\">\n\t\t\t<div class=\"elementor-widget-wrap elementor-element-populated\">\n\t\t\t\t\t\t\t<\/div>\n\t\t<\/div>\n\t\t\t\t\t<\/div>\n\t\t<\/section>\n\t\t<div class=\"elementor-element elementor-element-e100c9a e-flex e-con-boxed e-con e-parent\" data-id=\"e100c9a\" data-element_type=\"container\" data-e-type=\"container\">\n\t\t\t\t\t<div class=\"e-con-inner\">\n\t\t\t\t<div class=\"elementor-element elementor-element-b7ee882 elementor-widget elementor-widget-shortcode\" data-id=\"b7ee882\" data-element_type=\"widget\" data-e-type=\"widget\" data-widget_type=\"shortcode.default\">\n\t\t\t\t<div class=\"elementor-widget-container\">\n\t\t\t\t\t\t\t<div class=\"elementor-shortcode\"><!-- Google Calendar Appointment Scheduling begin -->\n<iframe src=\"https:\/\/calendar.google.com\/calendar\/appointments\/schedules\/AcZssZ2rgZNj37txcK2cDWb-gD755IdwGPJCR-tBacVD7MYJfhG-zAWh_sDzCCkjjHVFavYh8qTSe0Sz?gv=true\" style=\"border: 0\" width=\"100%\" height=\"600\" frameborder=\"0\"><\/iframe>\n<!-- end Google Calendar Appointment Scheduling --><\/div>\n\t\t\t\t\t\t<\/div>\n\t\t\t\t<\/div>\n\t\t\t\t\t<\/div>\n\t\t\t\t<\/div>\n\t\t\t\t<\/div>\n\t\t","protected":false},"excerpt":{"rendered":"","protected":false},"author":1,"featured_media":0,"parent":0,"menu_order":0,"comment_status":"closed","ping_status":"closed","template":"","meta":{"_eb_attr":"","site-sidebar-layout":"default","site-content-layout":"default","ast-global-header-display":"","ast-main-header-display":"","ast-hfb-above-header-display":"","ast-hfb-below-header-display":"","ast-hfb-mobile-header-display":"","site-post-title":"","ast-breadcrumbs-content":"","ast-featured-img":"","footer-sml-layout":"","theme-transparent-header-meta":"","adv-header-id-meta":"","stick-header-meta":"","header-above-stick-meta":"","header-main-stick-meta":"","header-below-stick-meta":"","footnotes":""},"class_list":["post-1799","page","type-page","status-publish","hentry"],"_links":{"self":[{"href":"https:\/\/www.vical.fr\/coaching\/index.php\/wp-json\/wp\/v2\/pages\/1799","targetHints":{"allow":["GET"]}}],"collection":[{"href":"https:\/\/www.vical.fr\/coaching\/index.php\/wp-json\/wp\/v2\/pages"}],"about":[{"href":"https:\/\/www.vical.fr\/coaching\/index.php\/wp-json\/wp\/v2\/types\/page"}],"author":[{"embeddable":true,"href":"https:\/\/www.vical.fr\/coaching\/index.php\/wp-json\/wp\/v2\/users\/1"}],"replies":[{"embeddable":true,"href":"https:\/\/www.vical.fr\/coaching\/index.php\/wp-json\/wp\/v2\/comments?post=1799"}],"version-history":[{"count":10,"href":"https:\/\/www.vical.fr\/coaching\/index.php\/wp-json\/wp\/v2\/pages\/1799\/revisions"}],"predecessor-version":[{"id":2680,"href":"https:\/\/www.vical.fr\/coaching\/index.php\/wp-json\/wp\/v2\/pages\/1799\/revisions\/2680"}],"wp:attachment":[{"href":"https:\/\/www.vical.fr\/coaching\/index.php\/wp-json\/wp\/v2\/media?parent=1799"}],"curies":[{"name":"wp","href":"https:\/\/api.w.org\/{rel}","templated":true}]}}