{"id":1272,"date":"2023-04-10T00:10:19","date_gmt":"2023-04-09T22:10:19","guid":{"rendered":"https:\/\/www.vical.fr\/coaching\/index.php\/booking-page\/"},"modified":"2024-06-22T15:34:04","modified_gmt":"2024-06-22T13:34:04","slug":"booking-page","status":"publish","type":"page","link":"https:\/\/www.vical.fr\/coaching\/index.php\/booking-page\/","title":{"rendered":"R\u00e9server une s\u00e9ance en visioconf\u00e9rence"},"content":{"rendered":"\t\t<div data-elementor-type=\"wp-page\" data-elementor-id=\"1272\" class=\"elementor elementor-1272\">\n\t\t\t\t<div class=\"elementor-element elementor-element-8925c75 e-flex e-con-boxed e-con e-parent\" data-id=\"8925c75\" data-element_type=\"container\" data-e-type=\"container\">\n\t\t\t\t\t<div class=\"e-con-inner\">\n\t\t\t\t<div class=\"elementor-element elementor-element-bbf7f23 elementor-widget elementor-widget-text-editor\" data-id=\"bbf7f23\" data-element_type=\"widget\" data-e-type=\"widget\" data-widget_type=\"text-editor.default\">\n\t\t\t\t<div class=\"elementor-widget-container\">\n\t\t\t\t\t\t\t\t\t<p>Suite \u00e0 votre s\u00e9ance pr\u00e9liminaire vous pouvez r\u00e9server votre s\u00e9ance de coaching de 60 minutes ci-dessous. Si nous n&rsquo;avons pas <span style=\"text-align: var(--text-align); background-color: var(--ast-global-color-5); color: var(--ast-global-color-3); font-size: 1rem;\">encore<\/span><span style=\"text-align: var(--text-align); background-color: var(--ast-global-color-5); color: var(--ast-global-color-3); font-size: 1rem;\">\u00a0<\/span><span style=\"font-style: inherit; font-weight: inherit; text-align: var(--text-align); background-color: var(--ast-global-color-5); color: var(--ast-global-color-3);\">eu l&rsquo;occasion de r\u00e9aliser cette s\u00e9ance utiliser plut\u00f4t ces liens : <a href=\"https:\/\/www.vical.fr\/coaching\/index.php\/reserver-une-premiere-seance-de-coaching\/\">Premier contact<\/a> ou <a href=\"https:\/\/www.vical.fr\/coaching\/index.php\/seance-preliminaire\/\">R\u00e9server ma s\u00e9ance pr\u00e9liminaire gratuite<\/a><\/span><\/p>\t\t\t\t\t\t\t\t<\/div>\n\t\t\t\t<\/div>\n\t\t\t\t\t<\/div>\n\t\t\t\t<\/div>\n\t\t\t\t<section class=\"elementor-section elementor-top-section elementor-element elementor-element-504fdd89 elementor-section-boxed elementor-section-height-default elementor-section-height-default\" data-id=\"504fdd89\" data-element_type=\"section\" data-e-type=\"section\">\n\t\t\t\t\t\t<div class=\"elementor-container elementor-column-gap-default\">\n\t\t\t\t\t<div class=\"elementor-column elementor-col-100 elementor-top-column elementor-element elementor-element-3e0e3ecd\" data-id=\"3e0e3ecd\" data-element_type=\"column\" data-e-type=\"column\">\n\t\t\t<div class=\"elementor-widget-wrap elementor-element-populated\">\n\t\t\t\t\t\t<div class=\"elementor-element elementor-element-1772e35a elementor-widget elementor-widget-text-editor\" data-id=\"1772e35a\" data-element_type=\"widget\" data-e-type=\"widget\" data-widget_type=\"text-editor.default\">\n\t\t\t\t<div class=\"elementor-widget-container\">\n\t\t\t\t\t\t\t\t\t<p><iframe src=\"https:\/\/calendar.google.com\/calendar\/appointments\/schedules\/AcZssZ2U_sQHepWR06U9beQNQgMonU46aviODYomrYRlDZadIi867x0-na6t7D4Tu1RE4bpLn6GVBgF4?gv=true\" style=\"border: 0\" width=\"100%\" height=\"600\" frameborder=\"0\"><\/iframe><\/p>\n\t\t\t\t\t\t\t\t<\/div>\n\t\t\t\t<\/div>\n\t\t\t\t\t<\/div>\n\t\t<\/div>\n\t\t\t\t\t<\/div>\n\t\t<\/section>\n\t\t\t\t<\/div>\n\t\t","protected":false},"excerpt":{"rendered":"<p>Suite \u00e0 votre s\u00e9ance pr\u00e9liminaire vous pouvez r\u00e9server votre s\u00e9ance de coaching de 60 minutes ci-dessous. Si nous n&rsquo;avons pas encore\u00a0eu l&rsquo;occasion de r\u00e9aliser cette s\u00e9ance utiliser plut\u00f4t ces liens : Premier contact ou R\u00e9server ma s\u00e9ance pr\u00e9liminaire gratuite<\/p>\n","protected":false},"author":1,"featured_media":0,"parent":0,"menu_order":0,"comment_status":"closed","ping_status":"closed","template":"","meta":{"_eb_attr":"","site-sidebar-layout":"default","site-content-layout":"default","ast-global-header-display":"","ast-main-header-display":"","ast-hfb-above-header-display":"","ast-hfb-below-header-display":"","ast-hfb-mobile-header-display":"","site-post-title":"","ast-breadcrumbs-content":"","ast-featured-img":"","footer-sml-layout":"","theme-transparent-header-meta":"","adv-header-id-meta":"","stick-header-meta":"","header-above-stick-meta":"","header-main-stick-meta":"","header-below-stick-meta":"","footnotes":""},"class_list":["post-1272","page","type-page","status-publish","hentry"],"_links":{"self":[{"href":"https:\/\/www.vical.fr\/coaching\/index.php\/wp-json\/wp\/v2\/pages\/1272","targetHints":{"allow":["GET"]}}],"collection":[{"href":"https:\/\/www.vical.fr\/coaching\/index.php\/wp-json\/wp\/v2\/pages"}],"about":[{"href":"https:\/\/www.vical.fr\/coaching\/index.php\/wp-json\/wp\/v2\/types\/page"}],"author":[{"embeddable":true,"href":"https:\/\/www.vical.fr\/coaching\/index.php\/wp-json\/wp\/v2\/users\/1"}],"replies":[{"embeddable":true,"href":"https:\/\/www.vical.fr\/coaching\/index.php\/wp-json\/wp\/v2\/comments?post=1272"}],"version-history":[{"count":70,"href":"https:\/\/www.vical.fr\/coaching\/index.php\/wp-json\/wp\/v2\/pages\/1272\/revisions"}],"predecessor-version":[{"id":2703,"href":"https:\/\/www.vical.fr\/coaching\/index.php\/wp-json\/wp\/v2\/pages\/1272\/revisions\/2703"}],"wp:attachment":[{"href":"https:\/\/www.vical.fr\/coaching\/index.php\/wp-json\/wp\/v2\/media?parent=1272"}],"curies":[{"name":"wp","href":"https:\/\/api.w.org\/{rel}","templated":true}]}}